{"id":523,"date":"2025-05-27T22:14:25","date_gmt":"2025-05-27T20:14:25","guid":{"rendered":"https:\/\/www.txosnak.eus\/tt\/?page_id=523"},"modified":"2025-06-02T19:33:19","modified_gmt":"2025-06-02T17:33:19","slug":"politica-de-privacidad-2","status":"publish","type":"page","link":"https:\/\/www.txosnak.eus\/es\/politica-de-privacidad-2\/","title":{"rendered":"Pol\u00edtica de Cookies"},"content":{"rendered":"\t\t<div data-elementor-type=\"wp-page\" data-elementor-id=\"523\" class=\"elementor elementor-523 elementor-522\" data-elementor-post-type=\"page\">\n\t\t\t\t<div class=\"elementor-element elementor-element-49c2a5b e-flex e-con-boxed e-con e-parent\" data-id=\"49c2a5b\" data-element_type=\"container\">\n\t\t\t\t\t<div class=\"e-con-inner\">\n\t\t\t\t<div class=\"elementor-element elementor-element-c25db44 elementor-widget elementor-widget-text-editor\" data-id=\"c25db44\" data-element_type=\"widget\" data-widget_type=\"text-editor.default\">\n\t\t\t\t<div class=\"elementor-widget-container\">\n\t\t\t\t\t\t\t\t\t<h2><b>POL\u00cdTICA DE COOKIES<\/b><\/h2>\n<p>&nbsp;<\/p>\n<h3><b>Uso de Cookies<\/b><\/h3>\n<p>&nbsp;<\/p>\n<p class=\"p3\">De acuerdo con la <span class=\"s2\"><b>Ley 34\/2002, de 11 de julio<\/b><\/span>, de Servicios de la Sociedad de la Informaci\u00f3n y del Comercio Electr\u00f3nico (LSSI), le informamos que este sitio web utiliza cookies con el objetivo de <span class=\"s2\"><b>mejorar y optimizar la experiencia del usuario<\/b><\/span>.<\/p>\n<p>&nbsp;<\/p>\n<p class=\"p3\">Si contin\u00faa navegando por nuestro sitio sin deshabilitar las cookies, entenderemos que acepta su uso.<\/p>\n<p>&nbsp;<\/p>\n<p class=\"p3\">A continuaci\u00f3n, le proporcionamos informaci\u00f3n detallada sobre qu\u00e9 son las cookies, qu\u00e9 tipo utiliza este sitio web, c\u00f3mo puede cambiar su configuraci\u00f3n y qu\u00e9 sucede si decide desactivarlas.<\/p>\n<p>&nbsp;<\/p>\n<p class=\"p3\">Para m\u00e1s informaci\u00f3n sobre las medidas de seguridad adoptadas por este sitio web, puede consultar nuestra <a href=\"#\">Pol\u00edtica de Privacidad<\/a>.<\/p>\n<p>&nbsp;<\/p>\n<hr \/>\n<p>&nbsp;<\/p>\n<h3><b>\u00bfQu\u00e9 son las cookies?<\/b><\/h3>\n<p>&nbsp;<\/p>\n<p class=\"p3\">Las cookies son peque\u00f1os archivos de texto que se descargan en su dispositivo al acceder a una p\u00e1gina web. No son virus ni software malicioso, sino herramientas que desempe\u00f1an un papel esencial en la prestaci\u00f3n de numerosos servicios en internet.<\/p>\n<p>&nbsp;<\/p>\n<p class=\"p3\">Gracias a ellas se puede, por ejemplo:<\/p>\n<p>&nbsp;<\/p>\n<ul>\n<li>\n<p class=\"p1\">Recordar el idioma de navegaci\u00f3n<\/p>\n<\/li>\n<li>\n<p class=\"p1\">Obtener estad\u00edsticas para mejorar la funcionalidad del sitio<\/p>\n<\/li>\n<li>\n<p class=\"p1\">Compartir contenidos en redes sociales<\/p>\n<\/li>\n<\/ul>\n<p>&nbsp;<\/p>\n<hr \/>\n<p>&nbsp;<\/p>\n<h3><b>\u00bfQu\u00e9 tipos de cookies utiliza este sitio web?<\/b><\/h3>\n<p>&nbsp;<\/p>\n<h4><b>1. Cookies t\u00e9cnicas<\/b><\/h4>\n<p>&nbsp;<\/p>\n<p class=\"p3\">Son cookies propias, gestionadas \u00fanicamente por nosotros, que permiten la navegaci\u00f3n y el uso de las diferentes opciones y servicios del sitio web.<\/p>\n<p>&nbsp;<\/p>\n<h4><b>2. Cookies de an\u00e1lisis<\/b><\/h4>\n<p>&nbsp;<\/p>\n<p class=\"p3\">Son cookies gestionadas por nosotros o por terceros, que permiten cuantificar el n\u00famero de usuarios y realizar an\u00e1lisis estad\u00edsticos sobre el uso de nuestro sitio.<\/p>\n<p>&nbsp;<\/p>\n<blockquote><p>En ning\u00fan caso se obtienen datos personales que permitan identificar al usuario, garantizando su privacidad.<\/p><\/blockquote>\n<p>&nbsp;<\/p>\n<hr \/>\n<p>&nbsp;<\/p>\n<h3><b>\u00bfC\u00f3mo desactivar nuestras cookies (o cualquier otra)?<\/b><\/h3>\n<p>&nbsp;<\/p>\n<p class=\"p3\">Aunque la mayor\u00eda de navegadores aceptan cookies de forma autom\u00e1tica, usted puede modificar la configuraci\u00f3n para permitir, bloquear o eliminar las cookies instaladas en su equipo.<\/p>\n<p>&nbsp;<\/p>\n<p class=\"p3\">Enlaces para configurar las cookies en los navegadores m\u00e1s comunes:<\/p>\n<p>&nbsp;<\/p>\n<ul>\n<li>\n<p class=\"p1\"><a href=\"https:\/\/support.microsoft.com\/es-es\/help\/17442\/windows-internet-explorer-delete-manage-cookies\">C\u00f3mo configurar cookies en Internet Explorer<\/a><\/p>\n<\/li>\n<li>\n<p class=\"p1\"><a href=\"https:\/\/support.google.com\/chrome\/answer\/95647?hl=es\">C\u00f3mo configurar cookies en Google Chrome<\/a><\/p>\n<\/li>\n<li>\n<p class=\"p1\"><a href=\"https:\/\/support.mozilla.org\/es\/kb\/habilitar-y-deshabilitar-cookies-sitios-web-rastrear-preferencias\">C\u00f3mo configurar cookies en Mozilla Firefox<\/a><\/p>\n<\/li>\n<li>\n<p class=\"p1\"><a href=\"https:\/\/support.apple.com\/es-es\/HT201265\">C\u00f3mo configurar cookies en Safari<\/a><\/p>\n<\/li>\n<\/ul>\n<p>&nbsp;<\/p>\n<hr \/>\n<p>&nbsp;<\/p>\n<h3><b>\u00bfQu\u00e9 ocurre si desactivo las cookies?<\/b><\/h3>\n<p>&nbsp;<\/p>\n<p class=\"p3\">Al desactivar las cookies, puede que algunas funcionalidades del sitio se vean afectadas. Por ejemplo:<\/p>\n<p>&nbsp;<\/p>\n<ul>\n<li>\n<p class=\"p1\">No podr\u00e1 compartir contenidos en redes sociales como Facebook o Twitter<\/p>\n<\/li>\n<li>\n<p class=\"p1\">El sitio no podr\u00e1 adaptar los contenidos a sus preferencias personales<\/p>\n<\/li>\n<li>\n<p class=\"p1\">No podr\u00e1 acceder a \u00e1reas personales como \u201cMi cuenta\u201d o \u201cMis pedidos\u201d<\/p>\n<\/li>\n<li>\n<p class=\"p1\">No se podr\u00e1n guardar preferencias como idioma, moneda o zona horaria<\/p>\n<\/li>\n<li>\n<p class=\"p1\">No se podr\u00e1n realizar anal\u00edticas de tr\u00e1fico y rendimiento<\/p>\n<\/li>\n<li>\n<p class=\"p1\">No podr\u00e1 interactuar en blogs (publicar, comentar, valorar, etc.)<\/p>\n<\/li>\n<li>\n<p class=\"p1\">No se podr\u00e1 diferenciar entre humanos y bots (lo que puede impedir el uso de formularios o comentarios)<\/p>\n<\/li>\n<li>\n<p class=\"p1\">Las redes sociales no funcionar\u00e1n correctamente<\/p>\n<\/li>\n<\/ul>\n<p>&nbsp;<\/p>\n<p class=\"p5\"><span class=\"s3\">A pesar de ello, <\/span><b>seguir\u00e1 pudiendo navegar y visualizar los contenidos del sitio sin problemas graves<\/b><span class=\"s3\">.<\/span><\/p>\n\t\t\t\t\t\t\t\t<\/div>\n\t\t\t\t<\/div>\n\t\t\t\t\t<\/div>\n\t\t\t\t<\/div>\n\t\t\t\t<\/div>\n\t\t","protected":false},"excerpt":{"rendered":"<p>POL\u00cdTICA DE COOKIES &nbsp; Uso de Cookies &nbsp; De acuerdo con la Ley 34\/2002, de 11 de julio, de Servicios de la Sociedad de la Informaci\u00f3n y del Comercio Electr\u00f3nico (LSSI), le informamos que este sitio web utiliza cookies con el objetivo de mejorar y optimizar la experiencia del usuario. &nbsp; Si contin\u00faa navegando por [&hellip;]<\/p>\n","protected":false},"author":1,"featured_media":0,"parent":0,"menu_order":0,"comment_status":"closed","ping_status":"closed","template":"elementor_canvas","meta":{"footnotes":""},"class_list":["post-523","page","type-page","status-publish","hentry"],"_links":{"self":[{"href":"https:\/\/www.txosnak.eus\/es\/wp-json\/wp\/v2\/pages\/523","targetHints":{"allow":["GET"]}}],"collection":[{"href":"https:\/\/www.txosnak.eus\/es\/wp-json\/wp\/v2\/pages"}],"about":[{"href":"https:\/\/www.txosnak.eus\/es\/wp-json\/wp\/v2\/types\/page"}],"author":[{"embeddable":true,"href":"https:\/\/www.txosnak.eus\/es\/wp-json\/wp\/v2\/users\/1"}],"replies":[{"embeddable":true,"href":"https:\/\/www.txosnak.eus\/es\/wp-json\/wp\/v2\/comments?post=523"}],"version-history":[{"count":4,"href":"https:\/\/www.txosnak.eus\/es\/wp-json\/wp\/v2\/pages\/523\/revisions"}],"predecessor-version":[{"id":612,"href":"https:\/\/www.txosnak.eus\/es\/wp-json\/wp\/v2\/pages\/523\/revisions\/612"}],"wp:attachment":[{"href":"https:\/\/www.txosnak.eus\/es\/wp-json\/wp\/v2\/media?parent=523"}],"curies":[{"name":"wp","href":"https:\/\/api.w.org\/{rel}","templated":true}]}}